{"id":130,"date":"2022-03-23T11:56:47","date_gmt":"2022-03-23T10:56:47","guid":{"rendered":"https:\/\/borobil.fr\/?page_id=130"},"modified":"2022-03-23T11:56:55","modified_gmt":"2022-03-23T10:56:55","slug":"a-propos","status":"publish","type":"page","link":"https:\/\/borobil.fr\/eu\/a-propos\/","title":{"rendered":"Buruz"},"content":{"rendered":"<p><\/p>\n\n\n\n<p>Egia esan, egurra, kurbak eta jendea gustatzen zait. 3 hauen arteko sinbiosia aurkitzea liluratzen nauen jarduera da.<\/p>\n\n\n\n<p>J&#8217;aime en effet le bois ,les courbes et les gens. Trouver la symbiose entre ces 3 est une activit\u00e9 qui me passionne.<\/p>\n\n\n\n<p>Ez izan zalantzarik nirekin harremanetan jarri zure desio guztietarako, altzarietatik hasi eta diseinuraino, elkarrekin ikusiko dugu zer jarri dezakegun zutaz, egurra eta biribila!<\/p>\n\n\n\n<p><\/p>","protected":false},"excerpt":{"rendered":"<p>Borobil (rond en Basque) est centr\u00e9 sur la r\u00e9alisation des projets en bois massif avec toujours une recherche d&#8217;ergonomie et d&#8217;aspect organique ! J&#8217;aime en effet le bois ,les courbes et les gens. Trouver la symbiose entre ces 3 est une activit\u00e9 qui me passionne. N&#8217;h\u00e9sitez pas \u00e0 me contacter pour toutes vos envie, du [&hellip;]<\/p>","protected":false},"author":1,"featured_media":0,"parent":0,"menu_order":0,"comment_status":"closed","ping_status":"closed","template":"","meta":[],"yoast_head":"<!-- This site is optimized with the Yoast SEO plugin v17.9 - https:\/\/yoast.com\/wordpress\/plugins\/seo\/ -->\n<title>A propos - BOROBIL<\/title>\n<meta name=\"robots\" content=\"index, follow, max-snippet:-1, max-image-preview:large, max-video-preview:-1\" \/>\n<link rel=\"canonical\" href=\"https:\/\/borobil.fr\/eu\/a-propos\/\" \/>\n<meta property=\"og:locale\" content=\"en_US\" \/>\n<meta property=\"og:type\" content=\"article\" \/>\n<meta property=\"og:title\" content=\"A propos - BOROBIL\" \/>\n<meta property=\"og:description\" content=\"Borobil (rond en Basque) est centr\u00e9 sur la r\u00e9alisation des projets en bois massif avec toujours une recherche d&#8217;ergonomie et d&#8217;aspect organique ! J&#8217;aime en effet le bois ,les courbes et les gens. Trouver la symbiose entre ces 3 est une activit\u00e9 qui me passionne. N&#8217;h\u00e9sitez pas \u00e0 me contacter pour toutes vos envie, du [&hellip;]\" \/>\n<meta property=\"og:url\" content=\"https:\/\/borobil.fr\/eu\/a-propos\/\" \/>\n<meta property=\"og:site_name\" content=\"BOROBIL\" \/>\n<meta property=\"article:modified_time\" content=\"2022-03-23T10:56:55+00:00\" \/>\n<meta name=\"twitter:label1\" content=\"Est. reading time\" \/>\n\t<meta name=\"twitter:data1\" content=\"1 minutua\" \/>\n<script type=\"application\/ld+json\" class=\"yoast-schema-graph\">{\"@context\":\"https:\/\/schema.org\",\"@graph\":[{\"@type\":\"WebSite\",\"@id\":\"https:\/\/borobil.fr\/#website\",\"url\":\"https:\/\/borobil.fr\/\",\"name\":\"BOROBIL\",\"description\":\"Borobilduna hobe da\",\"potentialAction\":[{\"@type\":\"SearchAction\",\"target\":{\"@type\":\"EntryPoint\",\"urlTemplate\":\"https:\/\/borobil.fr\/?s={search_term_string}\"},\"query-input\":\"required name=search_term_string\"}],\"inLanguage\":\"eu\"},{\"@type\":\"WebPage\",\"@id\":\"https:\/\/borobil.fr\/a-propos\/#webpage\",\"url\":\"https:\/\/borobil.fr\/a-propos\/\",\"name\":\"A propos - BOROBIL\",\"isPartOf\":{\"@id\":\"https:\/\/borobil.fr\/#website\"},\"datePublished\":\"2022-03-23T10:56:47+00:00\",\"dateModified\":\"2022-03-23T10:56:55+00:00\",\"breadcrumb\":{\"@id\":\"https:\/\/borobil.fr\/a-propos\/#breadcrumb\"},\"inLanguage\":\"eu\",\"potentialAction\":[{\"@type\":\"ReadAction\",\"target\":[\"https:\/\/borobil.fr\/a-propos\/\"]}]},{\"@type\":\"BreadcrumbList\",\"@id\":\"https:\/\/borobil.fr\/a-propos\/#breadcrumb\",\"itemListElement\":[{\"@type\":\"ListItem\",\"position\":1,\"name\":\"A propos\"}]}]}<\/script>\n<!-- \/ Yoast SEO plugin. -->","yoast_head_json":{"title":"A propos - BOROBIL","robots":{"index":"index","follow":"follow","max-snippet":"max-snippet:-1","max-image-preview":"max-image-preview:large","max-video-preview":"max-video-preview:-1"},"canonical":"https:\/\/borobil.fr\/eu\/a-propos\/","og_locale":"en_US","og_type":"article","og_title":"A propos - BOROBIL","og_description":"Borobil (rond en Basque) est centr\u00e9 sur la r\u00e9alisation des projets en bois massif avec toujours une recherche d&#8217;ergonomie et d&#8217;aspect organique ! J&#8217;aime en effet le bois ,les courbes et les gens. Trouver la symbiose entre ces 3 est une activit\u00e9 qui me passionne. N&#8217;h\u00e9sitez pas \u00e0 me contacter pour toutes vos envie, du [&hellip;]","og_url":"https:\/\/borobil.fr\/eu\/a-propos\/","og_site_name":"BOROBIL","article_modified_time":"2022-03-23T10:56:55+00:00","twitter_misc":{"Est. reading time":"1 minutua"},"schema":{"@context":"https:\/\/schema.org","@graph":[{"@type":"WebSite","@id":"https:\/\/borobil.fr\/#website","url":"https:\/\/borobil.fr\/","name":"BOROBIL","description":"Borobilduna hobe da","potentialAction":[{"@type":"SearchAction","target":{"@type":"EntryPoint","urlTemplate":"https:\/\/borobil.fr\/?s={search_term_string}"},"query-input":"required name=search_term_string"}],"inLanguage":"eu"},{"@type":"WebPage","@id":"https:\/\/borobil.fr\/a-propos\/#webpage","url":"https:\/\/borobil.fr\/a-propos\/","name":"A propos - BOROBIL","isPartOf":{"@id":"https:\/\/borobil.fr\/#website"},"datePublished":"2022-03-23T10:56:47+00:00","dateModified":"2022-03-23T10:56:55+00:00","breadcrumb":{"@id":"https:\/\/borobil.fr\/a-propos\/#breadcrumb"},"inLanguage":"eu","potentialAction":[{"@type":"ReadAction","target":["https:\/\/borobil.fr\/a-propos\/"]}]},{"@type":"BreadcrumbList","@id":"https:\/\/borobil.fr\/a-propos\/#breadcrumb","itemListElement":[{"@type":"ListItem","position":1,"name":"A propos"}]}]}},"_links":{"self":[{"href":"https:\/\/borobil.fr\/eu\/wp-json\/wp\/v2\/pages\/130"}],"collection":[{"href":"https:\/\/borobil.fr\/eu\/wp-json\/wp\/v2\/pages"}],"about":[{"href":"https:\/\/borobil.fr\/eu\/wp-json\/wp\/v2\/types\/page"}],"author":[{"embeddable":true,"href":"https:\/\/borobil.fr\/eu\/wp-json\/wp\/v2\/users\/1"}],"replies":[{"embeddable":true,"href":"https:\/\/borobil.fr\/eu\/wp-json\/wp\/v2\/comments?post=130"}],"version-history":[{"count":2,"href":"https:\/\/borobil.fr\/eu\/wp-json\/wp\/v2\/pages\/130\/revisions"}],"predecessor-version":[{"id":134,"href":"https:\/\/borobil.fr\/eu\/wp-json\/wp\/v2\/pages\/130\/revisions\/134"}],"wp:attachment":[{"href":"https:\/\/borobil.fr\/eu\/wp-json\/wp\/v2\/media?parent=130"}],"curies":[{"name":"wp","href":"https:\/\/api.w.org\/{rel}","templated":true}]}}